{"id":7991,"date":"2019-02-08T16:12:18","date_gmt":"2019-02-08T15:12:18","guid":{"rendered":"https:\/\/testmijnbloed.be\/questions-frequemment-posees\/"},"modified":"2025-02-21T19:18:37","modified_gmt":"2025-02-21T18:18:37","slug":"questions-frequemment-posees","status":"publish","type":"page","link":"https:\/\/testmijnbloed.be\/fr\/questions-frequemment-posees\/","title":{"rendered":"Questions fr\u00e9quemment pos\u00e9es"},"content":{"rendered":"<p><div class=\"fusion-fullwidth fullwidth-box fusion-builder-row-1 fusion-parallax-none nonhundred-percent-fullwidth non-hundred-percent-height-scrolling\" style=\"background-color: #ffffff;background-image: url(&quot;https:\/\/testmijnbloed.be\/wp-content\/uploads\/2019\/02\/Uw-privacy-header.png&quot;);background-position: center center;background-repeat: no-repeat;padding-top:4%;padding-right:5%;padding-bottom:4%;padding-left:5%;margin-bottom: 0px;margin-top: 0px;border-width: 0px 0px 0px 0px;border-color:#ffffff;border-style:solid;-webkit-background-size:cover;-moz-background-size:cover;-o-background-size:cover;background-size:cover;\" ><div class=\"fusion-builder-row fusion-row\"><div class=\"fusion-layout-column fusion_builder_column fusion-builder-column-0 fusion_builder_column_1_1 1_1 fusion-one-full fusion-column-first fusion-column-last\" style=\"margin-top:15%;margin-bottom:15%;\"><div class=\"fusion-column-wrapper fusion-flex-column-wrapper-legacy\" style=\"background-position:left top;background-repeat:no-repeat;-webkit-background-size:cover;-moz-background-size:cover;-o-background-size:cover;background-size:cover;padding: 0px 0px 0px 0px;\"><div class=\"fusion-clearfix\"><\/div><\/div><\/div><\/div><\/div><div class=\"fusion-fullwidth fullwidth-box fusion-builder-row-2 nonhundred-percent-fullwidth non-hundred-percent-height-scrolling fusion-equal-height-columns\" style=\"background-color: #ffffff;background-position: left top;background-repeat: no-repeat;padding-top:2%;padding-right:4%;padding-bottom:2%;padding-left:4%;margin-bottom: 0px;margin-top: 0px;border-width: 0px 0px 0px 0px;border-color:#ffffff;border-style:solid;\" ><div class=\"fusion-builder-row fusion-row\"><div class=\"fusion-layout-column fusion_builder_column fusion-builder-column-1 fusion_builder_column_1_1 1_1 fusion-one-full fusion-column-first fusion-column-last\" style=\"margin-top:0px;margin-bottom:30px;\"><div class=\"fusion-column-wrapper fusion-flex-column-wrapper-legacy\" style=\"background-position:left top;background-repeat:no-repeat;-webkit-background-size:cover;-moz-background-size:cover;-o-background-size:cover;background-size:cover;padding: 0px 0px 0px 0px;\"><div class=\"fusion-sep-clear\"><\/div><div class=\"fusion-separator fusion-full-width-sep\" style=\"margin-left: auto;margin-right: auto;margin-bottom:20px;width:100%;\"><\/div><div class=\"fusion-sep-clear\"><\/div><style type=\"text\/css\"><\/style><div class=\"fusion-title title fusion-title-1 fusion-sep-none fusion-title-text fusion-title-size-one\" style=\"margin-top:0px;margin-right:0px;margin-bottom:0px;margin-left:0px;\"><h1 class=\"title-heading-left fusion-responsive-typography-calculated\" style=\"margin:0;--fontSize:80;line-height:1;\"><h2 style=\"text-align: center;\">Questions fr\u00e9quemment pos\u00e9es<\/h2><\/h1><\/div><div class=\"fusion-sep-clear\"><\/div><div class=\"fusion-separator\" style=\"margin-left: auto;margin-right: auto;margin-top:30px;margin-bottom:30px;width:100%;max-width:200px;\"><div class=\"fusion-separator-border sep-single sep-solid\" style=\"border-color:#e0dede;border-top-width:2px;\"><\/div><\/div><div class=\"fusion-sep-clear\"><\/div><style type=\"text\/css\">.fusion-accordian  #accordion-7991-1 .panel-title a .fa-fusion-box{ color: #ffffff;}.fusion-accordian  #accordion-7991-1 .panel-title a .fa-fusion-box:before{ font-size: 13px; width: 13px;}.fusion-accordian  #accordion-7991-1 .panel-title a{font-size:18px;}.fusion-accordian  #accordion-7991-1 .fa-fusion-box { background-color: #009ddb;border-color: #009ddb;}.fusion-accordian  #accordion-7991-1 .panel-title a:hover, #accordion-7991-1 .fusion-toggle-boxed-mode:hover .panel-title a { color: #009ddb;}.fusion-accordian  #accordion-7991-1 .panel-title .active .fa-fusion-box,.fusion-accordian  #accordion-7991-1 .panel-title a:hover .fa-fusion-box { background-color: #009ddb!important;border-color: #009ddb!important;}<\/style><div class=\"accordian fusion-accordian\"><div class=\"panel-group\" id=\"accordion-7991-1\"><div class=\"fusion-panel panel-default\"><div class=\"panel-heading\"><h4 class=\"panel-title toggle\"><a aria-expanded=\"false\" aria-controls=\"89573ee0464210f78\" role=\"button\" data-toggle=\"collapse\" data-parent=\"#accordion-7991-1\" data-target=\"#89573ee0464210f78\" href=\"#89573ee0464210f78\"><span class=\"fusion-toggle-icon-wrapper\" aria-hidden=\"true\"><i class=\"fa-fusion-box\" aria-hidden=\"true\"><\/i><\/span><span class=\"fusion-toggle-heading\">Est-il possible de faire analyser plusieurs tests sanguins en m\u00eame temps ?<\/span><\/a><\/h4><\/div><div id=\"89573ee0464210f78\" class=\"panel-collapse collapse \"><div class=\"panel-body toggle-content fusion-clearfix\">\n<p>Oui, il est possible de faire analyser plusieurs tests sanguins en m\u00eame temps.<br \/>\nLes tests pour lesquels vous souhaitez une analyse seront coch\u00e9s par l&rsquo;infirmi\u00e8re sur le formulaire de demande de laboratoire. Bien entendu, vous paierez ensuite le prix de <strong>chaque analyse<\/strong> au secr\u00e9tariat. <\/p>\n<p><a href=\"https:\/\/testmijnbloed.be\/fr\/tests-preventifs-anonymes\/\">Voir tous les tests pr\u00e9ventifs<\/a><\/p>\n<\/div><\/div><\/div><div class=\"fusion-panel panel-default\"><div class=\"panel-heading\"><h4 class=\"panel-title toggle\"><a aria-expanded=\"false\" aria-controls=\"eee5a362c4ec03511\" role=\"button\" data-toggle=\"collapse\" data-parent=\"#accordion-7991-1\" data-target=\"#eee5a362c4ec03511\" href=\"#eee5a362c4ec03511\"><span class=\"fusion-toggle-icon-wrapper\" aria-hidden=\"true\"><i class=\"fa-fusion-box\" aria-hidden=\"true\"><\/i><\/span><span class=\"fusion-toggle-heading\">J&apos;ai pr\u00e9vu une prise de sang mais je souhaite l&apos;annuler, que dois-je faire ?<\/span><\/a><\/h4><\/div><div id=\"eee5a362c4ec03511\" class=\"panel-collapse collapse \"><div class=\"panel-body toggle-content fusion-clearfix\">\n<p><a href=\"https:\/\/testmijnbloed.be\/fr\/contact\/\">Contactez-nous<\/a> au <a href=\"tel:+3251920911\">051 \/ 920 911<\/a> ou <a href=\"mailto:info@testmijnbloed.be\">info@testmijnbloed.be<\/a> afin que nous puissions annuler la collecte de sang.<\/p>\n<\/div><\/div><\/div><div class=\"fusion-panel panel-default\"><div class=\"panel-heading\"><h4 class=\"panel-title toggle\"><a aria-expanded=\"false\" aria-controls=\"546ba37aff521f68a\" role=\"button\" data-toggle=\"collapse\" data-parent=\"#accordion-7991-1\" data-target=\"#546ba37aff521f68a\" href=\"#546ba37aff521f68a\"><span class=\"fusion-toggle-icon-wrapper\" aria-hidden=\"true\"><i class=\"fa-fusion-box\" aria-hidden=\"true\"><\/i><\/span><span class=\"fusion-toggle-heading\">\u00c0 quelles heures puis-je programmer une prise de sang ?<\/span><\/a><\/h4><\/div><div id=\"546ba37aff521f68a\" class=\"panel-collapse collapse \"><div class=\"panel-body toggle-content fusion-clearfix\">\n<p>Cela peut se faire les lundis, mercredis et vendredis. Chaque fois de 8h \u00e0 12h. <\/p>\n<p>Prick centre Betamedics<br \/>\nSint-Martinusstraat 15<br \/>\n8800 Roeselare (Oekene)<\/p>\n<p><a href=\"https:\/\/testmijnbloed.be\/fr\/contact\/\">Plus d&rsquo;informations<\/a><\/p>\n<\/div><\/div><\/div><div class=\"fusion-panel panel-default\"><div class=\"panel-heading\"><h4 class=\"panel-title toggle\"><a aria-expanded=\"false\" aria-controls=\"a6196133634047ac2\" role=\"button\" data-toggle=\"collapse\" data-parent=\"#accordion-7991-1\" data-target=\"#a6196133634047ac2\" href=\"#a6196133634047ac2\"><span class=\"fusion-toggle-icon-wrapper\" aria-hidden=\"true\"><i class=\"fa-fusion-box\" aria-hidden=\"true\"><\/i><\/span><span class=\"fusion-toggle-heading\">Dois-je \u00eatre sobre pour une prise de sang ?<\/span><\/a><\/h4><\/div><div id=\"a6196133634047ac2\" class=\"panel-collapse collapse \"><div class=\"panel-body toggle-content fusion-clearfix\">\n<p>Cela d\u00e9pend du test que vous souhaitez effectuer. Avant de vous rendre sur place, v\u00e9rifiez les informations relatives aux tests sur notre site web. <\/p>\n<p><a href=\"https:\/\/testmijnbloed.be\/fr\/tests-preventifs-anonymes\/\">Aper\u00e7u de tous les tests<\/a><\/p>\n<\/div><\/div><\/div><div class=\"fusion-panel panel-default\"><div class=\"panel-heading\"><h4 class=\"panel-title toggle\"><a aria-expanded=\"false\" aria-controls=\"0d140fdceba6dd973\" role=\"button\" data-toggle=\"collapse\" data-parent=\"#accordion-7991-1\" data-target=\"#0d140fdceba6dd973\" href=\"#0d140fdceba6dd973\"><span class=\"fusion-toggle-icon-wrapper\" aria-hidden=\"true\"><i class=\"fa-fusion-box\" aria-hidden=\"true\"><\/i><\/span><span class=\"fusion-toggle-heading\">Puis-je discuter des r\u00e9sultats avec un m\u00e9decin (de laboratoire) par la suite ?<\/span><\/a><\/h4><\/div><div id=\"0d140fdceba6dd973\" class=\"panel-collapse collapse \"><div class=\"panel-body toggle-content fusion-clearfix\">\n<p>Votre sang sera analys\u00e9 dans les laboratoires cliniques de l&rsquo;AZ Delta. Les r\u00e9sultats sont \u00e9valu\u00e9s analytiquement par les biologistes cliniques d&rsquo;AZ Delta et une conclusion g\u00e9n\u00e9rale est fournie \u00e0 chaque fois sur votre rapport de test.  En cas de <strong>r\u00e9sultats anormaux<\/strong> n\u00e9cessitant un suivi m\u00e9dical plus approfondi, il vous sera conseill\u00e9 de contacter votre m\u00e9decin g\u00e9n\u00e9raliste ou votre sp\u00e9cialiste traitant par le biais de cette d\u00e9cision g\u00e9n\u00e9rale. Le laboratoire clinique AZ Delta n&rsquo;est pas responsable du suivi m\u00e9dical ult\u00e9rieur ou des conseils de traitement.<\/p>\n<\/div><\/div><\/div><div class=\"fusion-panel panel-default\"><div class=\"panel-heading\"><h4 class=\"panel-title toggle\"><a aria-expanded=\"false\" aria-controls=\"6b378e6ebac80ccbf\" role=\"button\" data-toggle=\"collapse\" data-parent=\"#accordion-7991-1\" data-target=\"#6b378e6ebac80ccbf\" href=\"#6b378e6ebac80ccbf\"><span class=\"fusion-toggle-icon-wrapper\" aria-hidden=\"true\"><i class=\"fa-fusion-box\" aria-hidden=\"true\"><\/i><\/span><span class=\"fusion-toggle-heading\">\u00c0 quelle fr\u00e9quence puis-je demander un test pr\u00e9ventif ?<\/span><\/a><\/h4><\/div><div id=\"6b378e6ebac80ccbf\" class=\"panel-collapse collapse \"><div class=\"panel-body toggle-content fusion-clearfix\">\n<p>L&rsquo;INAMI ne permet pas des tests trop fr\u00e9quents pour des raisons budg\u00e9taires. Vous pouvez toujours venir chez nous pour une prise de sang aussi souvent que vous le souhaitez.<br \/>\nVous trouverez la fr\u00e9quence appropri\u00e9e pour chaque test dans les informations relatives \u00e0 chaque test pr\u00e9ventif.<\/p>\n<\/div><\/div><\/div><\/div><\/div><div class=\"fusion-clearfix\"><\/div><\/div><\/div><\/div><\/div>\n<div class=\"fusion-fullwidth fullwidth-box fusion-builder-row-3 fusion-parallax-none nonhundred-percent-fullwidth non-hundred-percent-height-scrolling fusion-equal-height-columns\" style=\"background-color: #ffffff;background-image: url(&quot;https:\/\/testmijnbloed.be\/wp-content\/uploads\/2015\/12\/rgb-gradient-bar-for-logo-carrasel.jpg&quot;);background-position: left top;background-repeat: no-repeat;padding-top:2%;padding-right:4%;padding-bottom:2%;padding-left:4%;margin-bottom: 0px;margin-top: 0px;border-width: 0px 0px 0px 0px;border-color:#ffffff;border-style:solid;-webkit-background-size:cover;-moz-background-size:cover;-o-background-size:cover;background-size:cover;\" ><div class=\"fusion-builder-row fusion-row\"><div class=\"fusion-layout-column fusion_builder_column fusion-builder-column-2 fusion_builder_column_1_1 1_1 fusion-one-full fusion-column-first fusion-column-last\" style=\"margin-top:0px;margin-bottom:30px;\"><div class=\"fusion-column-wrapper fusion-flex-column-wrapper-legacy\" style=\"background-position:left top;background-repeat:no-repeat;-webkit-background-size:cover;-moz-background-size:cover;-o-background-size:cover;background-size:cover;padding: 0px 0px 0px 0px;\"><div class=\"fusion-sep-clear\"><\/div><div class=\"fusion-separator fusion-full-width-sep\" style=\"margin-left: auto;margin-right: auto;margin-top:20px;margin-bottom:20px;width:100%;\"><\/div><div class=\"fusion-sep-clear\"><\/div><div class=\"fusion-text fusion-text-1\"><h4 style=\"text-align: center; color: #fff;\"><strong>Vous n&rsquo;avez pas trouv\u00e9 de r\u00e9ponse \u00e0 votre question ?<\/strong><\/h4>\n<\/div><div class=\"fusion-aligncenter\"><style type=\"text\/css\">.fusion-button.button-1 .fusion-button-text, .fusion-button.button-1 i {color:#ffffff;}.fusion-button.button-1 .fusion-button-icon-divider{border-color:#ffffff;}.fusion-button.button-1:hover .fusion-button-text, .fusion-button.button-1:hover i,.fusion-button.button-1:focus .fusion-button-text, .fusion-button.button-1:focus i,.fusion-button.button-1:active .fusion-button-text, .fusion-button.button-1:active{color:#ffffff;}.fusion-button.button-1:hover .fusion-button-icon-divider, .fusion-button.button-1:hover .fusion-button-icon-divider, .fusion-button.button-1:active .fusion-button-icon-divider{border-color:#ffffff;}.fusion-button.button-1:hover, .fusion-button.button-1:focus, .fusion-button.button-1:active{border-color:#ffffff;border-width:1px;}.fusion-button.button-1 {border-color:#ffffff;border-width:1px;border-radius:2px;}.fusion-button.button-1{background: rgba(255,255,255,0);}.fusion-button.button-1:hover,.button-1:focus,.fusion-button.button-1:active{background: rgba(255,255,255,0);}.fusion-button.button-1 .fusion-button-text {text-transform:uppercase;}<\/style><a class=\"fusion-button button-flat button-medium button-custom button-1 fusion-button-span-no fusion-button-default-type\" target=\"_self\" href=\"#\"><span class=\"fusion-button-text\">Contactez-nous, nous sommes heureux de vous aider<\/span><\/a><\/div><div class=\"fusion-sep-clear\"><\/div><div class=\"fusion-separator fusion-full-width-sep\" style=\"margin-left: auto;margin-right: auto;margin-top:20px;margin-bottom:20px;width:100%;\"><\/div><div class=\"fusion-sep-clear\"><\/div><div class=\"fusion-clearfix\"><\/div><\/div><\/div><\/div><\/div><div class=\"fusion-fullwidth fullwidth-box fusion-builder-row-4 nonhundred-percent-fullwidth non-hundred-percent-height-scrolling\" style=\"background-color: #ffffff;background-position: center center;background-repeat: no-repeat;padding-top:2%;padding-right:4%;padding-bottom:2%;padding-left:4%;border-width: 0px 0px 0px 0px;border-color:#ffffff;border-style:solid;\" ><div class=\"fusion-builder-row fusion-row\"><div class=\"fusion-layout-column fusion_builder_column fusion-builder-column-3 fusion_builder_column_1_1 1_1 fusion-one-full fusion-column-first fusion-column-last fusion-column-no-min-height\" style=\"margin-top:0px;margin-bottom:0px;\"><div class=\"fusion-column-wrapper fusion-flex-column-wrapper-legacy\" style=\"background-position:left top;background-repeat:no-repeat;-webkit-background-size:cover;-moz-background-size:cover;-o-background-size:cover;background-size:cover;background-color:#ffffff;padding: 0px 0px 0px 0px;\"><div class=\"fusion-column-content-centered\"><div class=\"fusion-column-content\"><div class=\"fusion-builder-row fusion-builder-row-inner fusion-row\"><div class=\"fusion-layout-column fusion_builder_column_inner fusion-builder-nested-column-0 fusion_builder_column_inner_1_4 1_4 fusion-one-fourth fusion-column-first\" style=\"width:25%;width:calc(25% - ( ( 4% + 4% + 4% ) * 0.25 ) );margin-right: 4%;margin-top:0px;margin-bottom:30px;\"><div class=\"fusion-column-wrapper fusion-flex-column-wrapper-legacy\" style=\"background-position:left top;background-repeat:no-repeat;-webkit-background-size:cover;-moz-background-size:cover;-o-background-size:cover;background-size:cover;padding: 0px 0px 0px 0px;\"><div class=\"fusion-text fusion-text-2\"><p><img decoding=\"async\" class=\"size-full wp-image-2948 aligncenter\" src=\"https:\/\/testmijnbloed.be\/wp-content\/uploads\/2019\/02\/samenwerking_betamedics.png\" alt=\"\" width=\"270\" height=\"254\" srcset=\"https:\/\/testmijnbloed.be\/wp-content\/uploads\/2019\/02\/samenwerking_betamedics-200x188.png 200w, https:\/\/testmijnbloed.be\/wp-content\/uploads\/2019\/02\/samenwerking_betamedics.png 270w\" sizes=\"(max-width: 270px) 100vw, 270px\" \/><\/p>\n<\/div><div class=\"fusion-clearfix\"><\/div><\/div><\/div><div class=\"fusion-layout-column fusion_builder_column_inner fusion-builder-nested-column-1 fusion_builder_column_inner_1_4 1_4 fusion-one-fourth\" style=\"width:25%;width:calc(25% - ( ( 4% + 4% + 4% ) * 0.25 ) );margin-right: 4%;margin-top:0px;margin-bottom:30px;\"><div class=\"fusion-column-wrapper fusion-flex-column-wrapper-legacy\" style=\"background-position:left top;background-repeat:no-repeat;-webkit-background-size:cover;-moz-background-size:cover;-o-background-size:cover;background-size:cover;padding: 0px 0px 0px 0px;\"><div class=\"fusion-text fusion-text-3\"><p><img decoding=\"async\" class=\"size-full wp-image-855 aligncenter\" src=\"https:\/\/testmijnbloed.be\/wp-content\/uploads\/2018\/10\/samenwerking_azdelta.png\" alt=\"\" width=\"270\" height=\"254\" srcset=\"https:\/\/testmijnbloed.be\/wp-content\/uploads\/2018\/10\/samenwerking_azdelta-200x188.png 200w, https:\/\/testmijnbloed.be\/wp-content\/uploads\/2018\/10\/samenwerking_azdelta.png 270w\" sizes=\"(max-width: 270px) 100vw, 270px\" \/><\/p>\n<\/div><div class=\"fusion-clearfix\"><\/div><\/div><\/div><div class=\"fusion-layout-column fusion_builder_column_inner fusion-builder-nested-column-2 fusion_builder_column_inner_1_4 1_4 fusion-one-fourth\" style=\"width:25%;width:calc(25% - ( ( 4% + 4% + 4% ) * 0.25 ) );margin-right: 4%;margin-top:0px;margin-bottom:30px;\"><div class=\"fusion-column-wrapper fusion-flex-column-wrapper-legacy\" style=\"background-position:left top;background-repeat:no-repeat;-webkit-background-size:cover;-moz-background-size:cover;-o-background-size:cover;background-size:cover;padding: 0px 0px 0px 0px;\"><div class=\"fusion-text fusion-text-4\"><p><img decoding=\"async\" class=\"size-full wp-image-855 aligncenter\" src=\"https:\/\/testmijnbloed.be\/wp-content\/uploads\/2022\/09\/ISO15189-AZ-Delta.jpg\" alt=\"\" width=\"270\" height=\"254\" \/><\/p>\n<\/div><div class=\"fusion-clearfix\"><\/div><\/div><\/div><div class=\"fusion-layout-column fusion_builder_column_inner fusion-builder-nested-column-3 fusion_builder_column_inner_1_4 1_4 fusion-one-fourth fusion-column-last\" style=\"width:25%;width:calc(25% - ( ( 4% + 4% + 4% ) * 0.25 ) );margin-top:0px;margin-bottom:30px;\"><div class=\"fusion-column-wrapper fusion-flex-column-wrapper-legacy\" style=\"background-position:left top;background-repeat:no-repeat;-webkit-background-size:cover;-moz-background-size:cover;-o-background-size:cover;background-size:cover;padding: 0px 0px 0px 0px;\"><div class=\"fusion-text fusion-text-5\"><p><img decoding=\"async\" class=\"size-full wp-image-855 aligncenter\" src=\"https:\/\/testmijnbloed.be\/wp-content\/uploads\/2022\/09\/BELAC-AZ-Delta.png\" alt=\"\" width=\"270\" height=\"254\"><\/p>\n<\/div><div class=\"fusion-clearfix\"><\/div><\/div><\/div><\/div><\/div><\/div><div class=\"fusion-clearfix\"><\/div><\/div><\/div><\/div><\/div>\n<\/p>\n","protected":false},"excerpt":{"rendered":"","protected":false},"author":9,"featured_media":0,"parent":0,"menu_order":0,"comment_status":"closed","ping_status":"closed","template":"100-width.php","meta":{"footnotes":""},"class_list":["post-7991","page","type-page","status-publish","hentry"],"yoast_head":"<!-- This site is optimized with the Yoast SEO plugin v26.9 - https:\/\/yoast.com\/product\/yoast-seo-wordpress\/ -->\n<title>Centre priv\u00e9 de pr\u00e9l\u00e8vement sanguin | Foire aux questions (FAQ) | Analyser mon sang<\/title>\n<meta name=\"description\" content=\"Puis-je faire analyser plusieurs tests sanguins en m\u00eame temps ? Dois-je \u00eatre sobre pour une prise de sang ? Puis-je demander des analyses de sang personnalis\u00e9es ? ...\" \/>\n<meta name=\"robots\" content=\"index, follow, max-snippet:-1, max-image-preview:large, max-video-preview:-1\" \/>\n<link rel=\"canonical\" href=\"https:\/\/testmijnbloed.be\/fr\/questions-frequemment-posees\/\" \/>\n<meta property=\"og:locale\" content=\"fr_FR\" \/>\n<meta property=\"og:type\" content=\"article\" \/>\n<meta property=\"og:title\" content=\"Centre priv\u00e9 de pr\u00e9l\u00e8vement sanguin | Foire aux questions (FAQ) | Analyser mon sang\" \/>\n<meta property=\"og:description\" content=\"Puis-je faire analyser plusieurs tests sanguins en m\u00eame temps ? Dois-je \u00eatre sobre pour une prise de sang ? Puis-je demander des analyses de sang personnalis\u00e9es ? ...\" \/>\n<meta property=\"og:url\" content=\"https:\/\/testmijnbloed.be\/fr\/questions-frequemment-posees\/\" \/>\n<meta property=\"og:site_name\" content=\"Test mijn bloed\" \/>\n<meta property=\"article:modified_time\" content=\"2025-02-21T18:18:37+00:00\" \/>\n<meta name=\"twitter:card\" content=\"summary_large_image\" \/>\n<meta name=\"twitter:label1\" content=\"Dur\u00e9e de lecture estim\u00e9e\" \/>\n\t<meta name=\"twitter:data1\" content=\"3 minutes\" \/>\n<script type=\"application\/ld+json\" class=\"yoast-schema-graph\">{\"@context\":\"https:\/\/schema.org\",\"@graph\":[{\"@type\":\"WebPage\",\"@id\":\"https:\/\/testmijnbloed.be\/fr\/questions-frequemment-posees\/\",\"url\":\"https:\/\/testmijnbloed.be\/fr\/questions-frequemment-posees\/\",\"name\":\"Centre priv\u00e9 de pr\u00e9l\u00e8vement sanguin | Foire aux questions (FAQ) | Analyser mon sang\",\"isPartOf\":{\"@id\":\"https:\/\/testmijnbloed.be\/fr\/#website\"},\"datePublished\":\"2019-02-08T15:12:18+00:00\",\"dateModified\":\"2025-02-21T18:18:37+00:00\",\"description\":\"Puis-je faire analyser plusieurs tests sanguins en m\u00eame temps ? Dois-je \u00eatre sobre pour une prise de sang ? Puis-je demander des analyses de sang personnalis\u00e9es ? ...\",\"breadcrumb\":{\"@id\":\"https:\/\/testmijnbloed.be\/fr\/questions-frequemment-posees\/#breadcrumb\"},\"inLanguage\":\"fr-FR\",\"potentialAction\":[{\"@type\":\"ReadAction\",\"target\":[\"https:\/\/testmijnbloed.be\/fr\/questions-frequemment-posees\/\"]}]},{\"@type\":\"BreadcrumbList\",\"@id\":\"https:\/\/testmijnbloed.be\/fr\/questions-frequemment-posees\/#breadcrumb\",\"itemListElement\":[{\"@type\":\"ListItem\",\"position\":1,\"name\":\"Accueil\",\"item\":\"https:\/\/testmijnbloed.be\/fr\/\"},{\"@type\":\"ListItem\",\"position\":2,\"name\":\"Questions fr\u00e9quemment pos\u00e9es\"}]},{\"@type\":\"WebSite\",\"@id\":\"https:\/\/testmijnbloed.be\/fr\/#website\",\"url\":\"https:\/\/testmijnbloed.be\/fr\/\",\"name\":\"Test mijn bloed\",\"description\":\"\",\"potentialAction\":[{\"@type\":\"SearchAction\",\"target\":{\"@type\":\"EntryPoint\",\"urlTemplate\":\"https:\/\/testmijnbloed.be\/fr\/?s={search_term_string}\"},\"query-input\":{\"@type\":\"PropertyValueSpecification\",\"valueRequired\":true,\"valueName\":\"search_term_string\"}}],\"inLanguage\":\"fr-FR\"}]}<\/script>\n<!-- \/ Yoast SEO plugin. -->","yoast_head_json":{"title":"Centre priv\u00e9 de pr\u00e9l\u00e8vement sanguin | Foire aux questions (FAQ) | Analyser mon sang","description":"Puis-je faire analyser plusieurs tests sanguins en m\u00eame temps ? Dois-je \u00eatre sobre pour une prise de sang ? Puis-je demander des analyses de sang personnalis\u00e9es ? ...","robots":{"index":"index","follow":"follow","max-snippet":"max-snippet:-1","max-image-preview":"max-image-preview:large","max-video-preview":"max-video-preview:-1"},"canonical":"https:\/\/testmijnbloed.be\/fr\/questions-frequemment-posees\/","og_locale":"fr_FR","og_type":"article","og_title":"Centre priv\u00e9 de pr\u00e9l\u00e8vement sanguin | Foire aux questions (FAQ) | Analyser mon sang","og_description":"Puis-je faire analyser plusieurs tests sanguins en m\u00eame temps ? Dois-je \u00eatre sobre pour une prise de sang ? Puis-je demander des analyses de sang personnalis\u00e9es ? ...","og_url":"https:\/\/testmijnbloed.be\/fr\/questions-frequemment-posees\/","og_site_name":"Test mijn bloed","article_modified_time":"2025-02-21T18:18:37+00:00","twitter_card":"summary_large_image","twitter_misc":{"Dur\u00e9e de lecture estim\u00e9e":"3 minutes"},"schema":{"@context":"https:\/\/schema.org","@graph":[{"@type":"WebPage","@id":"https:\/\/testmijnbloed.be\/fr\/questions-frequemment-posees\/","url":"https:\/\/testmijnbloed.be\/fr\/questions-frequemment-posees\/","name":"Centre priv\u00e9 de pr\u00e9l\u00e8vement sanguin | Foire aux questions (FAQ) | Analyser mon sang","isPartOf":{"@id":"https:\/\/testmijnbloed.be\/fr\/#website"},"datePublished":"2019-02-08T15:12:18+00:00","dateModified":"2025-02-21T18:18:37+00:00","description":"Puis-je faire analyser plusieurs tests sanguins en m\u00eame temps ? Dois-je \u00eatre sobre pour une prise de sang ? Puis-je demander des analyses de sang personnalis\u00e9es ? ...","breadcrumb":{"@id":"https:\/\/testmijnbloed.be\/fr\/questions-frequemment-posees\/#breadcrumb"},"inLanguage":"fr-FR","potentialAction":[{"@type":"ReadAction","target":["https:\/\/testmijnbloed.be\/fr\/questions-frequemment-posees\/"]}]},{"@type":"BreadcrumbList","@id":"https:\/\/testmijnbloed.be\/fr\/questions-frequemment-posees\/#breadcrumb","itemListElement":[{"@type":"ListItem","position":1,"name":"Accueil","item":"https:\/\/testmijnbloed.be\/fr\/"},{"@type":"ListItem","position":2,"name":"Questions fr\u00e9quemment pos\u00e9es"}]},{"@type":"WebSite","@id":"https:\/\/testmijnbloed.be\/fr\/#website","url":"https:\/\/testmijnbloed.be\/fr\/","name":"Test mijn bloed","description":"","potentialAction":[{"@type":"SearchAction","target":{"@type":"EntryPoint","urlTemplate":"https:\/\/testmijnbloed.be\/fr\/?s={search_term_string}"},"query-input":{"@type":"PropertyValueSpecification","valueRequired":true,"valueName":"search_term_string"}}],"inLanguage":"fr-FR"}]}},"_links":{"self":[{"href":"https:\/\/testmijnbloed.be\/fr\/wp-json\/wp\/v2\/pages\/7991","targetHints":{"allow":["GET"]}}],"collection":[{"href":"https:\/\/testmijnbloed.be\/fr\/wp-json\/wp\/v2\/pages"}],"about":[{"href":"https:\/\/testmijnbloed.be\/fr\/wp-json\/wp\/v2\/types\/page"}],"author":[{"embeddable":true,"href":"https:\/\/testmijnbloed.be\/fr\/wp-json\/wp\/v2\/users\/9"}],"replies":[{"embeddable":true,"href":"https:\/\/testmijnbloed.be\/fr\/wp-json\/wp\/v2\/comments?post=7991"}],"version-history":[{"count":2,"href":"https:\/\/testmijnbloed.be\/fr\/wp-json\/wp\/v2\/pages\/7991\/revisions"}],"predecessor-version":[{"id":9477,"href":"https:\/\/testmijnbloed.be\/fr\/wp-json\/wp\/v2\/pages\/7991\/revisions\/9477"}],"wp:attachment":[{"href":"https:\/\/testmijnbloed.be\/fr\/wp-json\/wp\/v2\/media?parent=7991"}],"curies":[{"name":"wp","href":"https:\/\/api.w.org\/{rel}","templated":true}]}}