{"id":7997,"date":"2019-02-06T13:51:38","date_gmt":"2019-02-06T12:51:38","guid":{"rendered":"https:\/\/testmijnbloed.be\/mst-2\/"},"modified":"2025-03-02T21:00:32","modified_gmt":"2025-03-02T20:00:32","slug":"mst-2","status":"publish","type":"page","link":"https:\/\/testmijnbloed.be\/fr\/mst-2\/","title":{"rendered":"MST"},"content":{"rendered":"<p><div class=\"fusion-fullwidth fullwidth-box fusion-builder-row-1 fusion-parallax-none nonhundred-percent-fullwidth non-hundred-percent-height-scrolling\" style=\"background-color: #ffffff;background-image: url(&quot;https:\/\/testmijnbloed.be\/wp-content\/uploads\/2019\/02\/Categorie-SOA.png&quot;);background-position: center center;background-repeat: no-repeat;padding-top:4%;padding-right:5%;padding-bottom:4%;padding-left:5%;margin-bottom: 0px;margin-top: 0px;border-width: 0px 0px 0px 0px;border-color:#ffffff;border-style:solid;-webkit-background-size:cover;-moz-background-size:cover;-o-background-size:cover;background-size:cover;\" ><div class=\"fusion-builder-row fusion-row\"><div class=\"fusion-layout-column fusion_builder_column fusion-builder-column-0 fusion_builder_column_1_1 1_1 fusion-one-full fusion-column-first fusion-column-last\" style=\"margin-top:15%;margin-bottom:15%;\"><div class=\"fusion-column-wrapper fusion-flex-column-wrapper-legacy\" style=\"background-position:left top;background-repeat:no-repeat;-webkit-background-size:cover;-moz-background-size:cover;-o-background-size:cover;background-size:cover;padding: 0px 0px 0px 0px;\"><div class=\"fusion-clearfix\"><\/div><\/div><\/div><\/div><\/div><div class=\"fusion-fullwidth fullwidth-box fusion-builder-row-2 nonhundred-percent-fullwidth non-hundred-percent-height-scrolling\" style=\"background-color: #ffffff;background-position: center center;background-repeat: no-repeat;padding-top:0px;padding-right:0px;padding-bottom:0px;padding-left:0px;margin-bottom: 0px;margin-top: 0px;border-width: 0px 0px 0px 0px;border-color:#ffffff;border-style:solid;\" ><div class=\"fusion-builder-row fusion-row\"><div class=\"fusion-layout-column fusion_builder_column fusion-builder-column-1 fusion_builder_column_1_1 1_1 fusion-one-full fusion-column-first fusion-column-last\" style=\"margin-top:3%;margin-bottom:30px;\"><div class=\"fusion-column-wrapper fusion-flex-column-wrapper-legacy\" style=\"background-position:left top;background-repeat:no-repeat;-webkit-background-size:cover;-moz-background-size:cover;-o-background-size:cover;background-size:cover;padding: 0px 0px 0px 0px;\"><style type=\"text\/css\"><\/style><div class=\"fusion-title title fusion-title-1 fusion-sep-none fusion-title-text fusion-title-size-one\" style=\"margin-top:3%;margin-right:0px;margin-bottom:0px;margin-left:0px;\"><h1 class=\"title-heading-left fusion-responsive-typography-calculated\" style=\"margin:0;color:#009ddb;--fontSize:80;line-height:1;\"><h2 style=\"text-align: center;\">MST<\/h2><\/h1><\/div><div class=\"fusion-text fusion-text-1\"><h3 style=\"text-align: center;\">Les IST ne s&rsquo;accompagnent pas toujours de sympt\u00f4mes, mais elles peuvent affecter votre sant\u00e9. C&rsquo;est pourquoi il est important de d\u00e9tecter une IST \u00e0 un stade pr\u00e9coce. <\/h3>\n<\/div><div class=\"fusion-clearfix\"><\/div><\/div><\/div><\/div><\/div><div class=\"fusion-fullwidth fullwidth-box fusion-builder-row-3 hundred-percent-fullwidth non-hundred-percent-height-scrolling\" style=\"background-color: #ffffff;background-position: left top;background-repeat: no-repeat;padding-top:40px;padding-right:12%;padding-bottom:40px;padding-left:12%;margin-bottom: 0px;margin-top: 0px;border-width: 0px 0px 0px 0px;border-color:#ffffff;border-style:solid;\" ><div class=\"fusion-builder-row fusion-row\"><div class=\"fusion-layout-column fusion_builder_column fusion-builder-column-2 fusion_builder_column_1_1 1_1 fusion-one-full fusion-column-first fusion-column-last\" style=\"margin-top:0px;margin-bottom:30px;\"><div class=\"fusion-column-wrapper fusion-flex-column-wrapper-legacy\" style=\"background-position:left top;background-repeat:no-repeat;-webkit-background-size:cover;-moz-background-size:cover;-o-background-size:cover;background-size:cover;padding: 0px 0px 0px 0px;\"><div class=\"fusion-clearfix\"><\/div><\/div><\/div><div class=\"fusion-layout-column fusion_builder_column fusion-builder-column-3 fusion_builder_column_1_1 1_1 fusion-one-full fusion-column-first fusion-column-last\" style=\"margin-top:0px;margin-bottom:0px;\"><div class=\"fusion-column-wrapper fusion-flex-column-wrapper-legacy\" style=\"background-position:left top;background-repeat:no-repeat;-webkit-background-size:cover;-moz-background-size:cover;-o-background-size:cover;background-size:cover;padding: 0px 0px 0px 0px;\"><div class=\"fusion-content-boxes content-boxes columns row fusion-columns-2 fusion-columns-total-3 fusion-content-boxes-1 content-boxes-clean-horizontal content-left content-boxes-icon-on-side\" data-animationOffset=\"100%\" style=\"margin-top:30px;margin-bottom:30px;\"><style type=\"text\/css\">.fusion-content-boxes-1 .heading .content-box-heading {color:#009ddb;}\n\t\t\t\t\t.fusion-content-boxes-1 .fusion-content-box-hover .link-area-link-icon-hover .heading .content-box-heading,\n\t\t\t\t\t.fusion-content-boxes-1 .fusion-content-box-hover .link-area-link-icon-hover .heading .heading-link .content-box-heading,\n\t\t\t\t\t.fusion-content-boxes-1 .fusion-content-box-hover .link-area-box-hover .heading .content-box-heading,\n\t\t\t\t\t.fusion-content-boxes-1 .fusion-content-box-hover .link-area-box-hover .heading .heading-link .content-box-heading,\n\t\t\t\t\t.fusion-content-boxes-1 .fusion-content-box-hover .link-area-link-icon-hover.link-area-box .fusion-read-more,\n\t\t\t\t\t.fusion-content-boxes-1 .fusion-content-box-hover .link-area-link-icon-hover.link-area-box .fusion-read-more::after,\n\t\t\t\t\t.fusion-content-boxes-1 .fusion-content-box-hover .link-area-link-icon-hover.link-area-box .fusion-read-more::before,\n\t\t\t\t\t.fusion-content-boxes-1 .fusion-content-box-hover .fusion-read-more:hover:after,\n\t\t\t\t\t.fusion-content-boxes-1 .fusion-content-box-hover .fusion-read-more:hover:before,\n\t\t\t\t\t.fusion-content-boxes-1 .fusion-content-box-hover .fusion-read-more:hover,\n\t\t\t\t\t.fusion-content-boxes-1 .fusion-content-box-hover .link-area-box-hover.link-area-box .fusion-read-more,\n\t\t\t\t\t.fusion-content-boxes-1 .fusion-content-box-hover .link-area-box-hover.link-area-box .fusion-read-more::after,\n\t\t\t\t\t.fusion-content-boxes-1 .fusion-content-box-hover .link-area-box-hover.link-area-box .fusion-read-more::before,\n\t\t\t\t\t.fusion-content-boxes-1 .fusion-content-box-hover .link-area-link-icon-hover .icon .circle-no,\n\t\t\t\t\t.fusion-content-boxes-1 .heading .heading-link:hover .content-box-heading {\n\t\t\t\t\t\tcolor: #009ddb;\n\t\t\t\t\t}\n\t\t\t\t\t.fusion-content-boxes-1 .fusion-content-box-hover .link-area-box-hover .icon .circle-no {\n\t\t\t\t\t\tcolor: #009ddb !important;\n\t\t\t\t\t}.fusion-content-boxes-1 .fusion-content-box-hover .link-area-box.link-area-box-hover .fusion-content-box-button {background: #009ddb;color: #ffffff;}.fusion-content-boxes-1 .fusion-content-box-hover .link-area-box.link-area-box-hover .fusion-content-box-button .fusion-button-text {color: #ffffff;}\n\t\t\t\t\t.fusion-content-boxes-1 .fusion-content-box-hover .link-area-link-icon-hover .heading .icon > span {\n\t\t\t\t\t\tbackground-color: transparent !important;\n\t\t\t\t\t}\n\t\t\t\t\t.fusion-content-boxes-1 .fusion-content-box-hover .link-area-box-hover .heading .icon > span {\n\t\t\t\t\t\tborder-color: #009ddb !important;\n\t\t\t\t\t}<\/style><div style=\"border-color:#e7e7e7;\" class=\"fusion-column content-box-column content-box-column content-box-column-1 col-lg-6 col-md-6 col-sm-6 fusion-content-box-hover content-box-column-first-in-row\"><div class=\"col content-box-wrapper content-wrapper link-area-box link-type-button-bar icon-hover-animation-none\" style=\"background-color:rgba(255,255,255,0);\" data-link=\"https:\/\/testmijnbloed.be\/fr\/preventieve-test\/base-soa\/\" data-link-target=\"_self\" data-animationOffset=\"100%\"><div class=\"heading heading-with-icon icon-left\"><a class=\"heading-link\" href=\"https:\/\/testmijnbloed.be\/fr\/preventieve-test\/base-soa\/\" target=\"_self\"><div class=\"icon\"><i style=\"background-color:transparent;border-color:transparent;height:auto;width: 21px;line-height:normal;color:#009ddb;font-size:21px;\" aria-hidden=\"true\" class=\"fontawesome-icon fa-ribbon fas circle-no\"><\/i><\/div><h1 class=\"content-box-heading\" style=\"font-size:22px;line-height:27px;padding-left:41px;\">STD de base (homme\/femme) - \u20ac 130<\/h1><\/a><\/div><div class=\"fusion-clearfix\"><\/div><div class=\"content-container\" style=\"padding-left:41px;color:#747474;\">\n<p>De nombreuses MST ne pr\u00e9sentent aucun sympt\u00f4me, mais peuvent avoir des cons\u00e9quences graves si elles ne sont pas trait\u00e9es. En outre, les personnes qui ne pr\u00e9sentent pas de sympt\u00f4mes peuvent facilement infecter d&rsquo;autres personnes. Il est donc important que toute personne susceptible de contracter une MST se fasse d\u00e9pister.<\/p>\n<\/div><div class=\"fusion-clearfix\"><\/div><a class=\" fusion-read-more fusion-button-bar\" href=\"https:\/\/testmijnbloed.be\/fr\/preventieve-test\/base-soa\/\" target=\"_self\">En savoir plus<\/a><div class=\"fusion-clearfix\"><\/div><\/div><\/div><div style=\"border-color:#e7e7e7;\" class=\"fusion-column content-box-column content-box-column content-box-column-2 col-lg-6 col-md-6 col-sm-6 fusion-content-box-hover content-box-column-last-in-row\"><div class=\"col content-box-wrapper content-wrapper link-area-box link-type-button-bar icon-hover-animation-none\" style=\"background-color:rgba(255,255,255,0);\" data-link=\"https:\/\/testmijnbloed.be\/fr\/preventieve-test\/std-etendue-2\/\" data-link-target=\"_self\" data-animationOffset=\"100%\"><div class=\"heading heading-with-icon icon-left\"><a class=\"heading-link\" href=\"https:\/\/testmijnbloed.be\/fr\/preventieve-test\/std-etendue-2\/\" target=\"_self\"><div class=\"icon\"><i style=\"background-color:transparent;border-color:transparent;height:auto;width: 21px;line-height:normal;color:#009ddb;font-size:21px;\" aria-hidden=\"true\" class=\"fontawesome-icon fa-ribbon fas circle-no\"><\/i><\/div><h1 class=\"content-box-heading\" style=\"font-size:22px;line-height:27px;padding-left:41px;\">MST compl\u00e8te (homme\/femme) - \u20ac 235<\/h1><\/a><\/div><div class=\"fusion-clearfix\"><\/div><div class=\"content-container\" style=\"padding-left:41px;color:#747474;\">\n<p>Un d\u00e9pistage complet des MST comprend une prise de sang qui permet de d\u00e9tecter le VIH, l&rsquo;h\u00e9patite B, l&rsquo;h\u00e9patite C et la syphilis, en plus du test PCR de base effectu\u00e9 sur un \u00e9couvillon ur\u00e9tral\/anal ou vaginal. C&rsquo;est le seul test qui permet de d\u00e9pister toutes les maladies sexuellement transmissibles !<\/p>\n<\/div><div class=\"fusion-clearfix\"><\/div><a class=\" fusion-read-more fusion-button-bar\" href=\"https:\/\/testmijnbloed.be\/fr\/preventieve-test\/std-etendue-2\/\" target=\"_self\">En savoir plus<\/a><div class=\"fusion-clearfix\"><\/div><\/div><\/div><div style=\"border-color:#e7e7e7;\" class=\"fusion-column content-box-column content-box-column content-box-column-3 col-lg-6 col-md-6 col-sm-6 fusion-content-box-hover content-box-column-first-in-row content-box-column-last\"><div class=\"col content-box-wrapper content-wrapper link-area-box link-type-button-bar icon-hover-animation-none\" style=\"background-color:rgba(255,255,255,0);\" data-link=\"https:\/\/testmijnbloed.be\/fr\/preventieve-test\/vih-2\/\" data-link-target=\"_self\" data-animationOffset=\"100%\"><div class=\"heading heading-with-icon icon-left\"><a class=\"heading-link\" href=\"https:\/\/testmijnbloed.be\/fr\/preventieve-test\/vih-2\/\" target=\"_self\"><div class=\"icon\"><i style=\"background-color:transparent;border-color:transparent;height:auto;width: 21px;line-height:normal;color:#009ddb;font-size:21px;\" aria-hidden=\"true\" class=\"fontawesome-icon fa-ribbon fas circle-no\"><\/i><\/div><h1 class=\"content-box-heading\" style=\"font-size:22px;line-height:27px;padding-left:41px;\">VIH - \u20ac55<\/h1><\/a><\/div><div class=\"fusion-clearfix\"><\/div><div class=\"content-container\" style=\"padding-left:41px;color:#747474;\">\n<p>Le test VIH d\u00e9tecte \u00e0 la fois les anticorps contre le virus VIH et l&rsquo;antig\u00e8ne (antig\u00e8ne p24) du virus VIH lui-m\u00eame. Ce test peut \u00eatre effectu\u00e9 d\u00e8s le dixi\u00e8me jour suivant le risque contract\u00e9, mais il n&rsquo;est fiable \u00e0 100 % que si le r\u00e9sultat est positif. Si le test est n\u00e9gatif, il doit \u00eatre refait apr\u00e8s 6 semaines.<\/p>\n<\/div><div class=\"fusion-clearfix\"><\/div><a class=\" fusion-read-more fusion-button-bar\" href=\"https:\/\/testmijnbloed.be\/fr\/preventieve-test\/vih-2\/\" target=\"_self\">En savoir plus<\/a><div class=\"fusion-clearfix\"><\/div><\/div><\/div><style type=\"text\/css\">\n\t\t\t\t\t\t.fusion-content-boxes-1 .fusion-content-box-hover .heading-link:hover .icon i.circle-yes,\n\t\t\t\t\t\t.fusion-content-boxes-1 .fusion-content-box-hover .link-area-box:hover .heading-link .icon i.circle-yes,\n\t\t\t\t\t\t.fusion-content-boxes-1 .fusion-content-box-hover .link-area-link-icon-hover .heading .icon i.circle-yes,\n\t\t\t\t\t\t.fusion-content-boxes-1 .fusion-content-box-hover .link-area-box-hover .heading .icon i.circle-yes {\n\t\t\t\t\t\t\tbackground-color: transparent !important;\n\t\t\t\t\t\t\tborder-color: #009ddb !important;\n\t\t\t\t\t\t}<\/style><div class=\"fusion-clearfix\"><\/div><\/div><div class=\"fusion-clearfix\"><\/div><\/div><\/div><\/div><\/div><div class=\"fusion-fullwidth fullwidth-box fusion-builder-row-4 nonhundred-percent-fullwidth non-hundred-percent-height-scrolling fusion-equal-height-columns\" style=\"background-color: #ffffff;background-position: center center;background-repeat: no-repeat;padding-top:2%;padding-right:4%;padding-bottom:2%;padding-left:4%;margin-bottom: 0px;margin-top: 0px;border-width: 0px 0px 0px 0px;border-color:#ffffff;border-style:solid;\" ><div class=\"fusion-builder-row fusion-row\"><div class=\"fusion-layout-column fusion_builder_column fusion-builder-column-4 fusion_builder_column_1_1 1_1 fusion-one-full fusion-column-first fusion-column-last\" style=\"margin-top:0px;margin-bottom:30px;\"><div class=\"fusion-column-wrapper fusion-flex-column-wrapper-legacy\" style=\"background-position:left top;background-repeat:no-repeat;-webkit-background-size:cover;-moz-background-size:cover;-o-background-size:cover;background-size:cover;padding: 0px 0px 0px 0px;\"><div class=\"fusion-sep-clear\"><\/div><div class=\"fusion-separator\" style=\"margin-left: auto;margin-right: auto;margin-top:50px;width:100%;max-width:280px;\"><\/div><div class=\"fusion-sep-clear\"><\/div><div class=\"fusion-text fusion-text-2\"><h2 style=\"color: #009ddb; text-align: center;\">Besoin d&rsquo;aide ?<\/h2>\n<\/div><div class=\"fusion-text fusion-text-3\"><h3 style=\"color: #009ddb; text-align: center;\">Contactez-nous pour planifier une prise de sang ou poser une question. Notre \u00e9quipe se fera un plaisir de vous aider.<\/h3>\n<\/div><div class=\"fusion-aligncenter\"><style type=\"text\/css\">.fusion-button.button-1 {border-radius:2px;}<\/style><a class=\"fusion-button button-flat button-medium button-default button-1 fusion-button-span-no fusion-button-default-type\" target=\"_self\" href=\"https:\/\/testmijnbloed.be\/fr\/contact\/\"><span class=\"fusion-button-text\">CONTACTEZ-NOUS<\/span><\/a><\/div><div class=\"fusion-clearfix\"><\/div><\/div><\/div><\/div><\/div>\n<div class=\"fusion-fullwidth fullwidth-box fusion-builder-row-5 nonhundred-percent-fullwidth non-hundred-percent-height-scrolling\" style=\"background-color: #ffffff;background-position: center center;background-repeat: no-repeat;padding-top:2%;padding-right:4%;padding-bottom:2%;padding-left:4%;border-width: 0px 0px 0px 0px;border-color:#ffffff;border-style:solid;\" ><div class=\"fusion-builder-row fusion-row\"><div class=\"fusion-layout-column fusion_builder_column fusion-builder-column-5 fusion_builder_column_1_1 1_1 fusion-one-full fusion-column-first fusion-column-last fusion-column-no-min-height\" style=\"margin-top:0px;margin-bottom:0px;\"><div class=\"fusion-column-wrapper fusion-flex-column-wrapper-legacy\" style=\"background-position:left top;background-repeat:no-repeat;-webkit-background-size:cover;-moz-background-size:cover;-o-background-size:cover;background-size:cover;background-color:#ffffff;padding: 0px 0px 0px 0px;\"><div class=\"fusion-column-content-centered\"><div class=\"fusion-column-content\"><div class=\"fusion-builder-row fusion-builder-row-inner fusion-row\"><div class=\"fusion-layout-column fusion_builder_column_inner fusion-builder-nested-column-0 fusion_builder_column_inner_1_4 1_4 fusion-one-fourth fusion-column-first\" style=\"width:25%;width:calc(25% - ( ( 4% + 4% + 4% ) * 0.25 ) );margin-right: 4%;margin-top:0px;margin-bottom:30px;\"><div class=\"fusion-column-wrapper fusion-flex-column-wrapper-legacy\" style=\"background-position:left top;background-repeat:no-repeat;-webkit-background-size:cover;-moz-background-size:cover;-o-background-size:cover;background-size:cover;padding: 0px 0px 0px 0px;\"><div class=\"fusion-text fusion-text-4\"><p><img decoding=\"async\" class=\"size-full wp-image-2948 aligncenter\" src=\"https:\/\/testmijnbloed.be\/wp-content\/uploads\/2019\/02\/samenwerking_betamedics.png\" alt=\"\" width=\"270\" height=\"254\" srcset=\"https:\/\/testmijnbloed.be\/wp-content\/uploads\/2019\/02\/samenwerking_betamedics-200x188.png 200w, https:\/\/testmijnbloed.be\/wp-content\/uploads\/2019\/02\/samenwerking_betamedics.png 270w\" sizes=\"(max-width: 270px) 100vw, 270px\" \/><\/p>\n<\/div><div class=\"fusion-clearfix\"><\/div><\/div><\/div><div class=\"fusion-layout-column fusion_builder_column_inner fusion-builder-nested-column-1 fusion_builder_column_inner_1_4 1_4 fusion-one-fourth\" style=\"width:25%;width:calc(25% - ( ( 4% + 4% + 4% ) * 0.25 ) );margin-right: 4%;margin-top:0px;margin-bottom:30px;\"><div class=\"fusion-column-wrapper fusion-flex-column-wrapper-legacy\" style=\"background-position:left top;background-repeat:no-repeat;-webkit-background-size:cover;-moz-background-size:cover;-o-background-size:cover;background-size:cover;padding: 0px 0px 0px 0px;\"><div class=\"fusion-text fusion-text-5\"><p><img decoding=\"async\" class=\"size-full wp-image-855 aligncenter\" src=\"https:\/\/testmijnbloed.be\/wp-content\/uploads\/2018\/10\/samenwerking_azdelta.png\" alt=\"\" width=\"270\" height=\"254\" srcset=\"https:\/\/testmijnbloed.be\/wp-content\/uploads\/2018\/10\/samenwerking_azdelta-200x188.png 200w, https:\/\/testmijnbloed.be\/wp-content\/uploads\/2018\/10\/samenwerking_azdelta.png 270w\" sizes=\"(max-width: 270px) 100vw, 270px\" \/><\/p>\n<\/div><div class=\"fusion-clearfix\"><\/div><\/div><\/div><div class=\"fusion-layout-column fusion_builder_column_inner fusion-builder-nested-column-2 fusion_builder_column_inner_1_4 1_4 fusion-one-fourth\" style=\"width:25%;width:calc(25% - ( ( 4% + 4% + 4% ) * 0.25 ) );margin-right: 4%;margin-top:0px;margin-bottom:30px;\"><div class=\"fusion-column-wrapper fusion-flex-column-wrapper-legacy\" style=\"background-position:left top;background-repeat:no-repeat;-webkit-background-size:cover;-moz-background-size:cover;-o-background-size:cover;background-size:cover;padding: 0px 0px 0px 0px;\"><div class=\"fusion-text fusion-text-6\"><p><img decoding=\"async\" class=\"size-full wp-image-855 aligncenter\" src=\"https:\/\/testmijnbloed.be\/wp-content\/uploads\/2022\/09\/ISO15189-AZ-Delta.jpg\" alt=\"\" width=\"270\" height=\"254\" \/><\/p>\n<\/div><div class=\"fusion-clearfix\"><\/div><\/div><\/div><div class=\"fusion-layout-column fusion_builder_column_inner fusion-builder-nested-column-3 fusion_builder_column_inner_1_4 1_4 fusion-one-fourth fusion-column-last\" style=\"width:25%;width:calc(25% - ( ( 4% + 4% + 4% ) * 0.25 ) );margin-top:0px;margin-bottom:30px;\"><div class=\"fusion-column-wrapper fusion-flex-column-wrapper-legacy\" style=\"background-position:left top;background-repeat:no-repeat;-webkit-background-size:cover;-moz-background-size:cover;-o-background-size:cover;background-size:cover;padding: 0px 0px 0px 0px;\"><div class=\"fusion-text fusion-text-7\"><p><img decoding=\"async\" class=\"size-full wp-image-855 aligncenter\" src=\"https:\/\/testmijnbloed.be\/wp-content\/uploads\/2022\/09\/BELAC-AZ-Delta.png\" alt=\"\" width=\"270\" height=\"254\"><\/p>\n<\/div><div class=\"fusion-clearfix\"><\/div><\/div><\/div><\/div><\/div><\/div><div class=\"fusion-clearfix\"><\/div><\/div><\/div><\/div><\/div>\n<\/p>\n","protected":false},"excerpt":{"rendered":"","protected":false},"author":9,"featured_media":0,"parent":0,"menu_order":0,"comment_status":"closed","ping_status":"closed","template":"100-width.php","meta":{"footnotes":""},"class_list":["post-7997","page","type-page","status-publish","hentry"],"yoast_head":"<!-- This site is optimized with the Yoast SEO plugin v26.9 - https:\/\/yoast.com\/product\/yoast-seo-wordpress\/ -->\n<title>MST | Tests sanguins pr\u00e9ventifs | Test sanguin<\/title>\n<meta name=\"description\" content=\"Les MST ne s&#039;accompagnent pas toujours de sympt\u00f4mes, mais elles peuvent affecter votre sant\u00e9. Faites-vous d\u00e9pister \u00e0 titre pr\u00e9ventif et minimisez les risques.\" \/>\n<meta name=\"robots\" content=\"index, follow, max-snippet:-1, max-image-preview:large, max-video-preview:-1\" \/>\n<link rel=\"canonical\" href=\"https:\/\/testmijnbloed.be\/fr\/mst-2\/\" \/>\n<meta property=\"og:locale\" content=\"fr_FR\" \/>\n<meta property=\"og:type\" content=\"article\" \/>\n<meta property=\"og:title\" content=\"MST | Tests sanguins pr\u00e9ventifs | Test sanguin\" \/>\n<meta property=\"og:description\" content=\"Les MST ne s&#039;accompagnent pas toujours de sympt\u00f4mes, mais elles peuvent affecter votre sant\u00e9. Faites-vous d\u00e9pister \u00e0 titre pr\u00e9ventif et minimisez les risques.\" \/>\n<meta property=\"og:url\" content=\"https:\/\/testmijnbloed.be\/fr\/mst-2\/\" \/>\n<meta property=\"og:site_name\" content=\"Test mijn bloed\" \/>\n<meta property=\"article:modified_time\" content=\"2025-03-02T20:00:32+00:00\" \/>\n<meta name=\"twitter:card\" content=\"summary_large_image\" \/>\n<meta name=\"twitter:label1\" content=\"Dur\u00e9e de lecture estim\u00e9e\" \/>\n\t<meta name=\"twitter:data1\" content=\"7 minutes\" \/>\n<script type=\"application\/ld+json\" class=\"yoast-schema-graph\">{\"@context\":\"https:\/\/schema.org\",\"@graph\":[{\"@type\":\"WebPage\",\"@id\":\"https:\/\/testmijnbloed.be\/fr\/mst-2\/\",\"url\":\"https:\/\/testmijnbloed.be\/fr\/mst-2\/\",\"name\":\"MST | Tests sanguins pr\u00e9ventifs | Test sanguin\",\"isPartOf\":{\"@id\":\"https:\/\/testmijnbloed.be\/fr\/#website\"},\"datePublished\":\"2019-02-06T12:51:38+00:00\",\"dateModified\":\"2025-03-02T20:00:32+00:00\",\"description\":\"Les MST ne s'accompagnent pas toujours de sympt\u00f4mes, mais elles peuvent affecter votre sant\u00e9. Faites-vous d\u00e9pister \u00e0 titre pr\u00e9ventif et minimisez les risques.\",\"breadcrumb\":{\"@id\":\"https:\/\/testmijnbloed.be\/fr\/mst-2\/#breadcrumb\"},\"inLanguage\":\"fr-FR\",\"potentialAction\":[{\"@type\":\"ReadAction\",\"target\":[\"https:\/\/testmijnbloed.be\/fr\/mst-2\/\"]}]},{\"@type\":\"BreadcrumbList\",\"@id\":\"https:\/\/testmijnbloed.be\/fr\/mst-2\/#breadcrumb\",\"itemListElement\":[{\"@type\":\"ListItem\",\"position\":1,\"name\":\"Accueil\",\"item\":\"https:\/\/testmijnbloed.be\/fr\/\"},{\"@type\":\"ListItem\",\"position\":2,\"name\":\"MST\"}]},{\"@type\":\"WebSite\",\"@id\":\"https:\/\/testmijnbloed.be\/fr\/#website\",\"url\":\"https:\/\/testmijnbloed.be\/fr\/\",\"name\":\"Test mijn bloed\",\"description\":\"\",\"potentialAction\":[{\"@type\":\"SearchAction\",\"target\":{\"@type\":\"EntryPoint\",\"urlTemplate\":\"https:\/\/testmijnbloed.be\/fr\/?s={search_term_string}\"},\"query-input\":{\"@type\":\"PropertyValueSpecification\",\"valueRequired\":true,\"valueName\":\"search_term_string\"}}],\"inLanguage\":\"fr-FR\"}]}<\/script>\n<!-- \/ Yoast SEO plugin. -->","yoast_head_json":{"title":"MST | Tests sanguins pr\u00e9ventifs | Test sanguin","description":"Les MST ne s'accompagnent pas toujours de sympt\u00f4mes, mais elles peuvent affecter votre sant\u00e9. Faites-vous d\u00e9pister \u00e0 titre pr\u00e9ventif et minimisez les risques.","robots":{"index":"index","follow":"follow","max-snippet":"max-snippet:-1","max-image-preview":"max-image-preview:large","max-video-preview":"max-video-preview:-1"},"canonical":"https:\/\/testmijnbloed.be\/fr\/mst-2\/","og_locale":"fr_FR","og_type":"article","og_title":"MST | Tests sanguins pr\u00e9ventifs | Test sanguin","og_description":"Les MST ne s'accompagnent pas toujours de sympt\u00f4mes, mais elles peuvent affecter votre sant\u00e9. Faites-vous d\u00e9pister \u00e0 titre pr\u00e9ventif et minimisez les risques.","og_url":"https:\/\/testmijnbloed.be\/fr\/mst-2\/","og_site_name":"Test mijn bloed","article_modified_time":"2025-03-02T20:00:32+00:00","twitter_card":"summary_large_image","twitter_misc":{"Dur\u00e9e de lecture estim\u00e9e":"7 minutes"},"schema":{"@context":"https:\/\/schema.org","@graph":[{"@type":"WebPage","@id":"https:\/\/testmijnbloed.be\/fr\/mst-2\/","url":"https:\/\/testmijnbloed.be\/fr\/mst-2\/","name":"MST | Tests sanguins pr\u00e9ventifs | Test sanguin","isPartOf":{"@id":"https:\/\/testmijnbloed.be\/fr\/#website"},"datePublished":"2019-02-06T12:51:38+00:00","dateModified":"2025-03-02T20:00:32+00:00","description":"Les MST ne s'accompagnent pas toujours de sympt\u00f4mes, mais elles peuvent affecter votre sant\u00e9. Faites-vous d\u00e9pister \u00e0 titre pr\u00e9ventif et minimisez les risques.","breadcrumb":{"@id":"https:\/\/testmijnbloed.be\/fr\/mst-2\/#breadcrumb"},"inLanguage":"fr-FR","potentialAction":[{"@type":"ReadAction","target":["https:\/\/testmijnbloed.be\/fr\/mst-2\/"]}]},{"@type":"BreadcrumbList","@id":"https:\/\/testmijnbloed.be\/fr\/mst-2\/#breadcrumb","itemListElement":[{"@type":"ListItem","position":1,"name":"Accueil","item":"https:\/\/testmijnbloed.be\/fr\/"},{"@type":"ListItem","position":2,"name":"MST"}]},{"@type":"WebSite","@id":"https:\/\/testmijnbloed.be\/fr\/#website","url":"https:\/\/testmijnbloed.be\/fr\/","name":"Test mijn bloed","description":"","potentialAction":[{"@type":"SearchAction","target":{"@type":"EntryPoint","urlTemplate":"https:\/\/testmijnbloed.be\/fr\/?s={search_term_string}"},"query-input":{"@type":"PropertyValueSpecification","valueRequired":true,"valueName":"search_term_string"}}],"inLanguage":"fr-FR"}]}},"_links":{"self":[{"href":"https:\/\/testmijnbloed.be\/fr\/wp-json\/wp\/v2\/pages\/7997","targetHints":{"allow":["GET"]}}],"collection":[{"href":"https:\/\/testmijnbloed.be\/fr\/wp-json\/wp\/v2\/pages"}],"about":[{"href":"https:\/\/testmijnbloed.be\/fr\/wp-json\/wp\/v2\/types\/page"}],"author":[{"embeddable":true,"href":"https:\/\/testmijnbloed.be\/fr\/wp-json\/wp\/v2\/users\/9"}],"replies":[{"embeddable":true,"href":"https:\/\/testmijnbloed.be\/fr\/wp-json\/wp\/v2\/comments?post=7997"}],"version-history":[{"count":13,"href":"https:\/\/testmijnbloed.be\/fr\/wp-json\/wp\/v2\/pages\/7997\/revisions"}],"predecessor-version":[{"id":9563,"href":"https:\/\/testmijnbloed.be\/fr\/wp-json\/wp\/v2\/pages\/7997\/revisions\/9563"}],"wp:attachment":[{"href":"https:\/\/testmijnbloed.be\/fr\/wp-json\/wp\/v2\/media?parent=7997"}],"curies":[{"name":"wp","href":"https:\/\/api.w.org\/{rel}","templated":true}]}}